{"id":1392,"date":"2022-08-03T11:36:04","date_gmt":"2022-08-03T11:36:04","guid":{"rendered":"https:\/\/new.synottipclub.mk\/?page_id=1392"},"modified":"2022-08-10T14:26:31","modified_gmt":"2022-08-10T12:26:31","slug":"privacy-policy-2","status":"publish","type":"page","link":"https:\/\/synottipclub.mk\/sq\/privacy-policy-2\/","title":{"rendered":"Politika e privat\u00ebsis\u00eb"},"content":{"rendered":"<div data-elementor-type=\"wp-page\" data-elementor-id=\"1392\" class=\"elementor elementor-1392\" data-elementor-post-type=\"page\">\n\t\t\t\t\t\t<section class=\"elementor-section elementor-top-section elementor-element elementor-element-0e2f69a elementor-section-boxed elementor-section-height-default elementor-section-height-default\" data-id=\"0e2f69a\" data-element_type=\"section\" data-e-type=\"section\">\n\t\t\t\t\t\t\t<div class=\"elementor-background-overlay\"><\/div>\n\t\t\t\t\t\t\t<div class=\"elementor-container elementor-column-gap-default\">\n\t\t\t\t\t<div class=\"elementor-column elementor-col-100 elementor-top-column elementor-element elementor-element-07e5471\" data-id=\"07e5471\" data-element_type=\"column\" data-e-type=\"column\" data-settings=\"{&quot;background_background&quot;:&quot;classic&quot;}\">\n\t\t\t<div class=\"elementor-widget-wrap elementor-element-populated\">\n\t\t\t\t\t\t<div class=\"elementor-element elementor-element-f0aef69 elementor-align-center elementor-widget elementor-widget-button\" data-id=\"f0aef69\" data-element_type=\"widget\" data-e-type=\"widget\" data-widget_type=\"button.default\">\n\t\t\t\t<div class=\"elementor-widget-container\">\n\t\t\t\t\t\t\t\t\t<div class=\"elementor-button-wrapper\">\n\t\t\t\t\t<a class=\"elementor-button elementor-size-sm\" role=\"button\">\n\t\t\t\t\t\t<span class=\"elementor-button-content-wrapper\">\n\t\t\t\t\t\t\t\t\t<span class=\"elementor-button-text\">POLITIKA E PRIVAT\u00cbSIS\u00cb<\/span>\n\t\t\t\t\t<\/span>\n\t\t\t\t\t<\/a>\n\t\t\t\t<\/div>\n\t\t\t\t\t\t\t\t<\/div>\n\t\t\t\t<\/div>\n\t\t\t\t<div class=\"elementor-element elementor-element-3a007e7 elementor-widget elementor-widget-text-editor\" data-id=\"3a007e7\" data-element_type=\"widget\" data-e-type=\"widget\" data-widget_type=\"text-editor.default\">\n\t\t\t\t<div class=\"elementor-widget-container\">\n\t\t\t\t\t\t\t\t\t<p><strong>\u00c7far\u00eb jan\u00eb t\u00eb dh\u00ebnat personale?<\/strong><\/p>\t\t\t\t\t\t\t\t<\/div>\n\t\t\t\t<\/div>\n\t\t\t\t<div class=\"elementor-element elementor-element-6cc778b elementor-widget elementor-widget-text-editor\" data-id=\"6cc778b\" data-element_type=\"widget\" data-e-type=\"widget\" data-widget_type=\"text-editor.default\">\n\t\t\t\t<div class=\"elementor-widget-container\">\n\t\t\t\t\t\t\t\t\t<p>Kur regjistroheni ne web ton\u00eb dhe siguroni informacionin tuaj personal, ju qart\u00eb pranoni q\u00eb Synottip dhe DUIS THE-SLOTS t\u00eb p\u00ebrpunojn\u00eb dhe t\u00eb p\u00ebrdorin informacionin tuaj personal p\u00ebr q\u00ebllime, dhe n\u00eb nj\u00eb m\u00ebnyr\u00eb t\u00eb shpjeguar n\u00eb k\u00ebt\u00eb faqe, n\u00eb p\u00ebrputhje me Rregullat tona dhe kushtet.<\/p><p>Informacioni personal \u00ebsht\u00eb \u00e7do informacion p\u00ebr ju q\u00eb ju identifikon, ose sipas t\u00eb cilit identiteti juaj mund t\u00eb p\u00ebrcaktohet n\u00eb m\u00ebnyr\u00eb t\u00eb arsyeshme.<\/p>\t\t\t\t\t\t\t\t<\/div>\n\t\t\t\t<\/div>\n\t\t\t\t<div class=\"elementor-element elementor-element-6ed48d9 elementor-widget elementor-widget-text-editor\" data-id=\"6ed48d9\" data-element_type=\"widget\" data-e-type=\"widget\" data-widget_type=\"text-editor.default\">\n\t\t\t\t<div class=\"elementor-widget-container\">\n\t\t\t\t\t\t\t\t\t<p><strong>Si grumbullohen dhe p\u00ebrdoren t\u00eb dh\u00ebnat personale?<\/strong><\/p>\t\t\t\t\t\t\t\t<\/div>\n\t\t\t\t<\/div>\n\t\t\t\t<div class=\"elementor-element elementor-element-a7226ec elementor-widget elementor-widget-text-editor\" data-id=\"a7226ec\" data-element_type=\"widget\" data-e-type=\"widget\" data-widget_type=\"text-editor.default\">\n\t\t\t\t<div class=\"elementor-widget-container\">\n\t\t\t\t\t\t\t\t\t<p>Synottip dhe DUIS THE-SLOTS mbledhin vet\u00ebm t\u00eb dh\u00ebna personale q\u00eb jan\u00eb t\u00eb nevojshme p\u00ebr funksionet ose aktivitetet tona. Llojet e t\u00eb dh\u00ebnave personale t\u00eb mbledhura nga ju p\u00ebrfshijn\u00eb emrin dhe mbiemrin, adres\u00ebn, dat\u00ebn e lindjes, kodin personal, gjinin\u00eb, telefonin celular, post\u00ebn elektronike, detajet e loj\u00ebrave t\u00eb fatit dhe \/ ose informacione t\u00eb tjera t\u00eb nevojshme p\u00ebr operacionin.<\/p><p>T\u00eb dh\u00ebnat personale mund t\u00eb dor\u00ebzohen n\u00eb faqen ton\u00eb t\u00eb internetit. Do t'ju k\u00ebrkohet t\u00eb paraqisni t\u00eb dh\u00ebnat tuaja personale n\u00eb k\u00ebt\u00eb fush\u00eb p\u00ebr regjistrimin e Synottip dhe DUIS THE-SLOTS dhe t\u00eb hapni nj\u00eb llogari me ne.<\/p><p>Synottip dhe DUIS THE-SLOTS do t\u00eb p\u00ebrpunojn\u00eb t\u00eb dh\u00ebnat tuaja personale p\u00ebr t\u00eb menaxhuar llogarin\u00eb tuaj, p\u00ebr t\u00eb mir\u00ebmbajtur llogarit\u00eb dhe regjistrimet tona, p\u00ebr t\u00eb monitoruar nivelin e p\u00ebrdorimit t\u00eb faqes son\u00eb t\u00eb internetit dhe cil\u00ebsin\u00eb e sh\u00ebrbimit q\u00eb ne ofrojm\u00eb dhe p\u00ebr t'ju informuar her\u00eb pas here n\u00eb lidhje me produktet dhe sh\u00ebrbimet p\u00ebr t\u00eb cilat ne mendojm\u00eb se mund t'ju interesojn\u00eb. Synottip dhe DUIS THE-SLOTS gjithashtu mund t\u00eb mbajn\u00eb k\u00ebt\u00eb informacion dhe mund ta analizojn\u00eb at\u00eb, n\u00ebse k\u00ebrkohet, n\u00eb rast t\u00eb nj\u00eb hetimi mbi nj\u00eb aktivitet kriminal aktual ose t\u00eb dyshuar, ose p\u00ebr nj\u00eb ngjarje t\u00eb krijuar n\u00eb faqen ton\u00eb t\u00eb internetit. pal\u00eb, p\u00ebr disa k\u00ebrc\u00ebnime p\u00ebr integritetin e asaj ngjarje dhe \/ ose shkelje t\u00eb rregullave t\u00eb asaj ngjarje, t\u00eb vendosur nga organet qeveris\u00ebse p\u00ebrkat\u00ebse.<\/p>\t\t\t\t\t\t\t\t<\/div>\n\t\t\t\t<\/div>\n\t\t\t\t<div class=\"elementor-element elementor-element-0c846cd elementor-widget elementor-widget-text-editor\" data-id=\"0c846cd\" data-element_type=\"widget\" data-e-type=\"widget\" data-widget_type=\"text-editor.default\">\n\t\t\t\t<div class=\"elementor-widget-container\">\n\t\t\t\t\t\t\t\t\t<p><span style=\"font-weight: bolder; font-family: &quot;Source Sans Pro&quot;, Arial, Helvetica, sans-serif; font-size: 18px;\">P\u00ebrdorimi i cookies<\/span><br><\/p>\t\t\t\t\t\t\t\t<\/div>\n\t\t\t\t<\/div>\n\t\t\t\t<div class=\"elementor-element elementor-element-ee74a64 elementor-widget elementor-widget-text-editor\" data-id=\"ee74a64\" data-element_type=\"widget\" data-e-type=\"widget\" data-widget_type=\"text-editor.default\">\n\t\t\t\t<div class=\"elementor-widget-container\">\n\t\t\t\t\t\t\t\t\t<p>\"Cookie\" p\u00ebrdoret p\u00ebr t\u00eb identifikuar gjuh\u00ebn e d\u00ebshiruar t\u00eb llogaris\u00eb s\u00eb p\u00ebrdoruesit, n\u00eb m\u00ebnyr\u00eb q\u00eb gjuha t\u00eb zgjidhet automatikisht kur p\u00ebrdoruesi t\u00eb kthehet n\u00eb Synottip.<\/p><p>Web serveri ton\u00eb do t\u00eb regjistroj\u00eb faqet q\u00eb vizitoni n\u00eb faqen ton\u00eb t\u00eb internetit.<\/p>\t\t\t\t\t\t\t\t<\/div>\n\t\t\t\t<\/div>\n\t\t\t\t<div class=\"elementor-element elementor-element-a6af91f elementor-widget elementor-widget-text-editor\" data-id=\"a6af91f\" data-element_type=\"widget\" data-e-type=\"widget\" data-widget_type=\"text-editor.default\">\n\t\t\t\t<div class=\"elementor-widget-container\">\n\t\t\t\t\t\t\t\t\t<p><strong>Mbrojtja e f\u00ebmij\u00ebve<\/strong><\/p>\t\t\t\t\t\t\t\t<\/div>\n\t\t\t\t<\/div>\n\t\t\t\t<div class=\"elementor-element elementor-element-b3b23f1 elementor-widget elementor-widget-text-editor\" data-id=\"b3b23f1\" data-element_type=\"widget\" data-e-type=\"widget\" data-widget_type=\"text-editor.default\">\n\t\t\t\t<div class=\"elementor-widget-container\">\n\t\t\t\t\t\t\t\t\t<p>Synottip dhe DUIS THE-SLOTS nuk lejojn\u00eb q\u00eb f\u00ebmij\u00ebt n\u00ebn mosh\u00ebn madhore (t\u00eb mitur) t\u00eb marrin pjes\u00eb n\u00eb gara ose t\u00eb hapin ose p\u00ebrdorin llogari t\u00eb parave reale. N\u00eb rast regjistrimi, n\u00ebse m\u00eb von\u00eb marrim nj\u00eb njoftim q\u00eb nj\u00eb an\u00ebtar ka paraqitur nj\u00eb dat\u00eb t\u00eb gabuar t\u00eb lindjes dhe \u00ebsht\u00eb n\u00ebn mosh\u00ebn e lejuar, mosha e shumic\u00ebs, menj\u00ebher\u00eb do ta mbyllim at\u00eb llogari dhe do t\u00eb fshijm\u00eb informacionin e paraqitur personal.<\/p>\t\t\t\t\t\t\t\t<\/div>\n\t\t\t\t<\/div>\n\t\t\t\t<div class=\"elementor-element elementor-element-48c9dc9 elementor-widget elementor-widget-text-editor\" data-id=\"48c9dc9\" data-element_type=\"widget\" data-e-type=\"widget\" data-widget_type=\"text-editor.default\">\n\t\t\t\t<div class=\"elementor-widget-container\">\n\t\t\t\t\t\t\t\t\t<p><strong>Zbulimi \/ zbulimi i informacionit<\/strong><\/p>\t\t\t\t\t\t\t\t<\/div>\n\t\t\t\t<\/div>\n\t\t\t\t<div class=\"elementor-element elementor-element-47f15ba elementor-widget elementor-widget-text-editor\" data-id=\"47f15ba\" data-element_type=\"widget\" data-e-type=\"widget\" data-widget_type=\"text-editor.default\">\n\t\t\t\t<div class=\"elementor-widget-container\">\n\t\t\t\t\t\t\t\t\t<p>Kur \u00ebsht\u00eb e mundur, ne do t'ju japim mund\u00ebsin\u00eb p\u00ebr t\u00eb refuzuar nj\u00eb k\u00ebrkes\u00eb p\u00ebr paraqitjen e t\u00eb dh\u00ebnave personale, por n\u00eb disa raste, p\u00ebrdorimi i faqes son\u00eb t\u00eb internetit mund t\u00eb kufizohet \/ ndalohet n\u00ebse nuk jepni informacionin e k\u00ebrkuar.<\/p><p>Synottip dhe DUIS THE-SLOTS gjithashtu mund t\u00eb ndajn\u00eb informacionin tuaj n\u00eb rrethana t\u00eb caktuara. Ndonj\u00ebher\u00eb nga ne k\u00ebrkohet ose autorizohet me ligj q\u00eb t\u00eb ndajm\u00eb informacionin tuaj personal. P\u00ebr shembull, Synottip dhe DUIS THE-SLOTS zbulojn\u00eb t\u00eb dh\u00ebna personale kur urdh\u00ebrohen ta b\u00ebjn\u00eb k\u00ebt\u00eb nga autoritetet qeveritare dhe \/ ose n\u00eb nj\u00eb vendim n\u00eb p\u00ebrputhje me ligjin maqedonas. P\u00ebr m\u00eb tep\u00ebr, Synottip dhe DUIS THE-SLOTS rezervojn\u00eb \/ mbajn\u00eb t\u00eb drejt\u00ebn t\u00eb zbulojn\u00eb t\u00eb dh\u00ebnat personale t\u00eb marr\u00ebsve \/ p\u00ebrdoruesve p\u00ebrkat\u00ebs kur Synottip dhe DUIS THE-SLOTS dyshojn\u00eb se ka parregullsi Synot n\u00eb t\u00eb cilat \u00ebsht\u00eb i p\u00ebrfshir\u00eb Biri. dometh\u00ebn\u00eb nj\u00eb llogari DUIS-THE-SLOTS.<\/p><p>Ne gjithashtu mund t\u00eb ndajm\u00eb informacionin tuaj personal atje ku ju jeni pajtuar me t\u00eb. N\u00ebse keni regjistruar nj\u00eb agjent ose bashk\u00ebpun\u00ebtor \/ bashk\u00ebpun\u00ebtor, ju keni aprovuar gjithashtu q\u00eb t\u00eb dh\u00ebnat personale mund t\u00eb ndahen me partnerin \/ bashk\u00ebpun\u00ebtorin tuaj. P\u00eblqimi juaj p\u00ebr t\u00eb shk\u00ebmbyer t\u00eb dh\u00ebnat tuaja personale mund t\u00eb jepet me shkrim ose me goj\u00eb, ose mund t\u00eb n\u00ebnkuptohet indirekt nga sjellja juaj, si\u00e7 \u00ebsht\u00eb kur diskutoni n\u00eb detaje n\u00eb media detajet e marr\u00ebdh\u00ebnies tuaj me ne.<\/p>\t\t\t\t\t\t\t\t<\/div>\n\t\t\t\t<\/div>\n\t\t\t\t<div class=\"elementor-element elementor-element-166115f elementor-widget elementor-widget-text-editor\" data-id=\"166115f\" data-element_type=\"widget\" data-e-type=\"widget\" data-widget_type=\"text-editor.default\">\n\t\t\t\t<div class=\"elementor-widget-container\">\n\t\t\t\t\t\t\t\t\t<p><strong>P\u00ebrdit\u00ebsimi i parimeve t\u00eb privat\u00ebsis\u00eb<\/strong><\/p>\t\t\t\t\t\t\t\t<\/div>\n\t\t\t\t<\/div>\n\t\t\t\t<div class=\"elementor-element elementor-element-f41e23c elementor-widget elementor-widget-text-editor\" data-id=\"f41e23c\" data-element_type=\"widget\" data-e-type=\"widget\" data-widget_type=\"text-editor.default\">\n\t\t\t\t<div class=\"elementor-widget-container\">\n\t\t\t\t\t\t\t\t\t<p>Synottip dhe DUIS THE-SLOTS rezervojn\u00eb t\u00eb drejt\u00ebn p\u00ebr t\u00eb ndryshuar k\u00ebt\u00eb deklarat\u00eb t\u00eb intimitetit n\u00eb \u00e7do koh\u00eb. Ndryshimet do t\u00eb hyjn\u00eb n\u00eb fuqi menj\u00ebher\u00eb pas publikimit.<\/p>\t\t\t\t\t\t\t\t<\/div>\n\t\t\t\t<\/div>\n\t\t\t\t\t<\/div>\n\t\t<\/div>\n\t\t\t\t\t<\/div>\n\t\t<\/section>\n\t\t\t\t<\/div>","protected":false},"excerpt":{"rendered":"<p>\u041f\u041e\u041b\u0418\u0422\u0418\u041a\u0410 \u041d\u0410 \u041f\u0420\u0418\u0412\u0410\u0422\u041d\u041e\u0421\u0422 \u0428\u0442\u043e \u0441\u0435 \u043b\u0438\u0447\u043d\u0438 \u043f\u043e\u0434\u0430\u0442\u043e\u0446\u0438? \u041f\u0440\u0438 \u0440\u0435\u0433\u0438\u0441\u0442\u0440\u0438\u0440\u0430\u045a\u0435\u0442\u043e \u043a\u0430\u0458 \u043d\u0430\u0441 \u0438 \u0434\u0430\u0432\u0430\u045a\u0435\u0442\u043e \u043d\u0430 \u0412\u0430\u0448\u0438\u0442\u0435 \u043b\u0438\u0447\u043d\u0438 \u043f\u043e\u0434\u0430\u0442\u043e\u0446\u0438, \u0412\u0438\u0435 \u0458\u0430\u0441\u043d\u043e \u0434\u0430\u0432\u0430\u0442\u0435 \u0441\u043e\u0433\u043b\u0430\u0441\u043d\u043e\u0441\u0442 \u0421\u0438\u043d\u043e\u0442\u0442\u0438\u043f (Synottip) \u0438 \u0414\u0423\u0418\u0421 \u0422\u0425\u0415-\u0421\u041b\u041e\u0422\u0421 \u0434\u0430 \u0433\u0438 \u043e\u0431\u0440\u0430\u0431\u043e\u0442\u0430\u0442 \u0438 \u043a\u043e\u0440\u0438\u0441\u0442\u0430\u0442 \u0412\u0430\u0448\u0438\u0442\u0435 \u043b\u0438\u0447\u043d\u0438 \u0438\u043d\u0444\u043e\u0440\u043c\u0430\u0446\u0438\u0438 \u0437\u0430 \u0446\u0435\u043b\u0438, \u0438 \u043d\u0430 \u043d\u0430\u0447\u0438\u043d, \u043e\u0431\u0440\u0430\u0437\u043b\u043e\u0436\u0435\u043d\u0438 \u043d\u0430 \u043e\u0432\u0430\u0430 \u0441\u0442\u0440\u0430\u043d\u0430, \u0430 \u0432\u043e \u0441\u043e\u0433\u043b\u0430\u0441\u043d\u043e\u0441\u0442 \u0441\u043e \u043d\u0430\u0448\u0438\u0442\u0435 \u041f\u0440\u0430\u0432\u0438\u043b\u0430 \u0438 \u0423\u0441\u043b\u043e\u0432\u0438. \u041b\u0438\u0447\u0435\u043d \u043f\u043e\u0434\u0430\u0442\u043e\u043a \u0435 \u0431\u0438\u043b\u043e [&hellip;]<\/p>\n","protected":false},"author":1,"featured_media":0,"parent":0,"menu_order":0,"comment_status":"closed","ping_status":"closed","template":"","meta":{"_acf_changed":false,"_monsterinsights_skip_tracking":false,"_monsterinsights_sitenote_active":false,"_monsterinsights_sitenote_note":"","_monsterinsights_sitenote_category":0,"footnotes":""},"class_list":["post-1392","page","type-page","status-publish","hentry"],"acf":[],"_links":{"self":[{"href":"https:\/\/synottipclub.mk\/sq\/wp-json\/wp\/v2\/pages\/1392","targetHints":{"allow":["GET"]}}],"collection":[{"href":"https:\/\/synottipclub.mk\/sq\/wp-json\/wp\/v2\/pages"}],"about":[{"href":"https:\/\/synottipclub.mk\/sq\/wp-json\/wp\/v2\/types\/page"}],"author":[{"embeddable":true,"href":"https:\/\/synottipclub.mk\/sq\/wp-json\/wp\/v2\/users\/1"}],"replies":[{"embeddable":true,"href":"https:\/\/synottipclub.mk\/sq\/wp-json\/wp\/v2\/comments?post=1392"}],"version-history":[{"count":25,"href":"https:\/\/synottipclub.mk\/sq\/wp-json\/wp\/v2\/pages\/1392\/revisions"}],"predecessor-version":[{"id":3020,"href":"https:\/\/synottipclub.mk\/sq\/wp-json\/wp\/v2\/pages\/1392\/revisions\/3020"}],"wp:attachment":[{"href":"https:\/\/synottipclub.mk\/sq\/wp-json\/wp\/v2\/media?parent=1392"}],"curies":[{"name":"wp","href":"https:\/\/api.w.org\/{rel}","templated":true}]}}