{"id":61,"date":"2022-03-25T15:09:23","date_gmt":"2022-03-25T15:09:23","guid":{"rendered":"https:\/\/new.synottipclub.mk\/?page_id=61"},"modified":"2025-12-19T11:25:20","modified_gmt":"2025-12-19T10:25:20","slug":"club-locations","status":"publish","type":"page","link":"https:\/\/synottipclub.mk\/sq\/club-locations\/","title":{"rendered":"\u041b\u043e\u043a\u0430\u0446\u0438\u0438 \u043d\u0430 \u041a\u043b\u0443\u0431\u043e\u0432\u0438"},"content":{"rendered":"<div data-elementor-type=\"wp-page\" data-elementor-id=\"61\" class=\"elementor elementor-61\" data-elementor-post-type=\"page\">\n\t\t\t\t\t\t<section class=\"elementor-section elementor-top-section elementor-element elementor-element-815db54 elementor-section-stretched elementor-section-boxed elementor-section-height-default elementor-section-height-default\" data-id=\"815db54\" data-element_type=\"section\" data-e-type=\"section\" data-settings=\"{&quot;stretch_section&quot;:&quot;section-stretched&quot;}\">\n\t\t\t\t\t\t\t<div class=\"elementor-background-overlay\"><\/div>\n\t\t\t\t\t\t\t<div class=\"elementor-container elementor-column-gap-default\">\n\t\t\t\t\t<div class=\"elementor-column elementor-col-100 elementor-top-column elementor-element elementor-element-bf8d393\" data-id=\"bf8d393\" data-element_type=\"column\" data-e-type=\"column\" data-settings=\"{&quot;background_background&quot;:&quot;classic&quot;}\">\n\t\t\t<div class=\"elementor-widget-wrap elementor-element-populated\">\n\t\t\t\t\t\t<div class=\"elementor-element elementor-element-4d99601 elementor-align-center elementor-widget elementor-widget-button\" data-id=\"4d99601\" data-element_type=\"widget\" data-e-type=\"widget\" data-widget_type=\"button.default\">\n\t\t\t\t<div class=\"elementor-widget-container\">\n\t\t\t\t\t\t\t\t\t<div class=\"elementor-button-wrapper\">\n\t\t\t\t\t<a class=\"elementor-button elementor-size-sm\" role=\"button\">\n\t\t\t\t\t\t<span class=\"elementor-button-content-wrapper\">\n\t\t\t\t\t\t\t\t\t<span class=\"elementor-button-text\">VENDNDODHJET<\/span>\n\t\t\t\t\t<\/span>\n\t\t\t\t\t<\/a>\n\t\t\t\t<\/div>\n\t\t\t\t\t\t\t\t<\/div>\n\t\t\t\t<\/div>\n\t\t\t\t\t<\/div>\n\t\t<\/div>\n\t\t\t\t\t<\/div>\n\t\t<\/section>\n\t\t\t\t<section class=\"elementor-section elementor-top-section elementor-element elementor-element-88881f0 elementor-section-stretched elementor-section-boxed elementor-section-height-default elementor-section-height-default\" data-id=\"88881f0\" data-element_type=\"section\" data-e-type=\"section\" data-settings=\"{&quot;stretch_section&quot;:&quot;section-stretched&quot;}\">\n\t\t\t\t\t\t\t<div class=\"elementor-background-overlay\"><\/div>\n\t\t\t\t\t\t\t<div class=\"elementor-container elementor-column-gap-default\">\n\t\t\t\t\t<div class=\"elementor-column elementor-col-100 elementor-top-column elementor-element elementor-element-2cc9769\" data-id=\"2cc9769\" data-element_type=\"column\" data-e-type=\"column\" data-settings=\"{&quot;background_background&quot;:&quot;classic&quot;}\">\n\t\t\t<div class=\"elementor-widget-wrap elementor-element-populated\">\n\t\t\t\t\t\t<div class=\"elementor-element elementor-element-693f014 elementor-widget elementor-widget-text-editor\" data-id=\"693f014\" data-element_type=\"widget\" data-e-type=\"widget\" data-widget_type=\"text-editor.default\">\n\t\t\t\t<div class=\"elementor-widget-container\">\n\t\t\t\t\t\t\t\t\t<p>D\u00ebshiron t\u00eb p\u00ebrjetosh arg\u00ebtim t\u00eb shk\u00eblqyesh\u00ebm, adrenalin nga fitimet dhe nj\u00ebkoh\u00ebsisht t\u00eb marr\u00ebsh shp\u00ebrblime t\u00eb shk\u00eblqyera?<\/p><p class=\"translation-block\">Gjeni\u00a0<span style=\"color: #cdb879\">SYNOTtip CLUB<\/span>\u00a0 m\u00eb t\u00eb af\u00ebrt dhe arg\u00ebtohuni!<\/p>\t\t\t\t\t\t\t\t<\/div>\n\t\t\t\t<\/div>\n\t\t\t\t<div class=\"elementor-element elementor-element-b556ffe elementor-widget__width-initial elementor-widget elementor-widget-text-editor\" data-id=\"b556ffe\" data-element_type=\"widget\" data-e-type=\"widget\" id=\"choouse-club\" data-widget_type=\"text-editor.default\">\n\t\t\t\t<div class=\"elementor-widget-container\">\n\t\t\t\t\t\t\t\t\t<p><span style=\"color: #ffffff;\">Zgjidhni Klubin:<\/span><\/p>\t\t\t\t\t\t\t\t<\/div>\n\t\t\t\t<\/div>\n\t\t\t\t<div class=\"elementor-element elementor-element-f04b266 elementor-widget elementor-widget-spacer\" data-id=\"f04b266\" data-element_type=\"widget\" data-e-type=\"widget\" data-widget_type=\"spacer.default\">\n\t\t\t\t<div class=\"elementor-widget-container\">\n\t\t\t\t\t\t\t<div class=\"elementor-spacer\">\n\t\t\t<div class=\"elementor-spacer-inner\"><\/div>\n\t\t<\/div>\n\t\t\t\t\t\t<\/div>\n\t\t\t\t<\/div>\n\t\t\t\t<div class=\"elementor-element elementor-element-553e291 elementor-widget elementor-widget-text-editor\" data-id=\"553e291\" data-element_type=\"widget\" data-e-type=\"widget\" data-widget_type=\"text-editor.default\">\n\t\t\t\t<div class=\"elementor-widget-container\">\n\t\t\t\t\t\t\t\t\t<p><span style=\"color: #ffffff;\">*klikoni n\u00eb nj\u00eb sh\u00ebnues <img decoding=\"async\" class=\"alignnone wp-image-4326\" src=\"http:\/\/synottipclub.mk\/wp-content\/uploads\/2022\/08\/Marker_Location.png\" alt=\"\" width=\"20\" height=\"20\" \/>, p\u00ebr informacion m\u00eb t\u00eb detajuar<\/span><\/p>\t\t\t\t\t\t\t\t<\/div>\n\t\t\t\t<\/div>\n\t\t\t\t\t<\/div>\n\t\t<\/div>\n\t\t\t\t\t<\/div>\n\t\t<\/section>\n\t\t\t\t<section class=\"elementor-section elementor-top-section elementor-element elementor-element-587f949 elementor-section-stretched elementor-section-boxed elementor-section-height-default elementor-section-height-default\" data-id=\"587f949\" data-element_type=\"section\" data-e-type=\"section\" data-settings=\"{&quot;stretch_section&quot;:&quot;section-stretched&quot;}\">\n\t\t\t\t\t\t\t<div class=\"elementor-background-overlay\"><\/div>\n\t\t\t\t\t\t\t<div class=\"elementor-container elementor-column-gap-default\">\n\t\t\t\t\t<div class=\"elementor-column elementor-col-50 elementor-top-column elementor-element elementor-element-d613ecd\" data-id=\"d613ecd\" data-element_type=\"column\" data-e-type=\"column\" data-settings=\"{&quot;background_background&quot;:&quot;classic&quot;}\">\n\t\t\t<div class=\"elementor-widget-wrap elementor-element-populated\">\n\t\t\t\t\t\t<div class=\"elementor-element elementor-element-6ced779 elementor-widget elementor-widget-shortcode\" data-id=\"6ced779\" data-element_type=\"widget\" data-e-type=\"widget\" data-widget_type=\"shortcode.default\">\n\t\t\t\t<div class=\"elementor-widget-container\">\n\t\t\t\t\t\t\t<div class=\"elementor-shortcode\"><div id=\"mapsvg-3713\" data-id=\"3713\" class=\"mapsvg\" data-autoload=\"true\" data-load-db=\"true\" data-loading-text=\"Loading map...\" style=\"width: 100%; height: 0; padding-bottom: 128.17%\"><\/div><\/div>\n\t\t\t\t\t\t<\/div>\n\t\t\t\t<\/div>\n\t\t\t\t\t<\/div>\n\t\t<\/div>\n\t\t\t\t<div class=\"elementor-column elementor-col-50 elementor-top-column elementor-element elementor-element-f97ff8f\" data-id=\"f97ff8f\" data-element_type=\"column\" data-e-type=\"column\" data-settings=\"{&quot;background_background&quot;:&quot;classic&quot;}\">\n\t\t\t<div class=\"elementor-widget-wrap elementor-element-populated\">\n\t\t\t\t\t\t<div class=\"elementor-element elementor-element-e91eb78 elementor-widget elementor-widget-html\" data-id=\"e91eb78\" data-element_type=\"widget\" data-e-type=\"widget\" data-widget_type=\"html.default\">\n\t\t\t\t<div class=\"elementor-widget-container\">\n\t\t\t\t\t<div id=\"map-details\"><\/div>\t\t\t\t<\/div>\n\t\t\t\t<\/div>\n\t\t\t\t\t<\/div>\n\t\t<\/div>\n\t\t\t\t\t<\/div>\n\t\t<\/section>\n\t\t\t\t<\/div>","protected":false},"excerpt":{"rendered":"<p>\u041b\u041e\u041a\u0410\u0426\u0418\u0418 \u0414\u0430\u043b\u0438 \u0441\u0430\u043a\u0430\u0442\u0435 \u0434\u0430 \u0434\u043e\u0436\u0438\u0432\u0435\u0435\u0442\u0435 \u0433\u043e\u043b\u0435\u043c\u0430 \u0437\u0430\u0431\u0430\u0432\u0430, \u0430\u0434\u0440\u0435\u043d\u0430\u043b\u0438\u043d \u043e\u0434 \u0434\u043e\u0431\u0438\u0432\u043a\u0438 \u0438 \u0432\u043e \u0438\u0441\u0442\u043e \u0432\u0440\u0435\u043c\u0435 \u0434\u0430 \u0434\u043e\u0431\u0438\u0435\u0442\u0435 \u043e\u0434\u043b\u0438\u0447\u043d\u0438 \u0431\u043e\u043d\u0443\u0441\u0438? \u041f\u0440\u043e\u043d\u0430\u0458\u0434\u0435\u0442\u0435 \u0433\u043e \u043d\u0430\u0458\u0431\u043b\u0438\u0441\u043a\u0438\u043e\u0442\u00a0SYNOTtip CLUB\u00a0\u0438 \u0437\u0430\u0431\u0430\u0432\u0443\u0432\u0430\u0458\u0442\u0435 \u0441\u0435! \u041e\u0434\u0431\u0435\u0440\u0438 \u041a\u043b\u0443\u0431: *\u043a\u043b\u0438\u043a\u043d\u0438 \u043d\u0430 \u043c\u0430\u0440\u043a\u0435\u0440 , \u0437\u0430 \u043f\u043e\u0434\u0435\u0442\u0430\u043b\u043d\u0438 \u0438\u043d\u0444\u043e\u0440\u043c\u0430\u0446\u0438\u0438<\/p>","protected":false},"author":1,"featured_media":0,"parent":0,"menu_order":0,"comment_status":"closed","ping_status":"closed","template":"","meta":{"_acf_changed":false,"_monsterinsights_skip_tracking":false,"_monsterinsights_sitenote_active":false,"_monsterinsights_sitenote_note":"","_monsterinsights_sitenote_category":0,"footnotes":""},"class_list":["post-61","page","type-page","status-publish","hentry"],"acf":[],"_links":{"self":[{"href":"https:\/\/synottipclub.mk\/sq\/wp-json\/wp\/v2\/pages\/61","targetHints":{"allow":["GET"]}}],"collection":[{"href":"https:\/\/synottipclub.mk\/sq\/wp-json\/wp\/v2\/pages"}],"about":[{"href":"https:\/\/synottipclub.mk\/sq\/wp-json\/wp\/v2\/types\/page"}],"author":[{"embeddable":true,"href":"https:\/\/synottipclub.mk\/sq\/wp-json\/wp\/v2\/users\/1"}],"replies":[{"embeddable":true,"href":"https:\/\/synottipclub.mk\/sq\/wp-json\/wp\/v2\/comments?post=61"}],"version-history":[{"count":164,"href":"https:\/\/synottipclub.mk\/sq\/wp-json\/wp\/v2\/pages\/61\/revisions"}],"predecessor-version":[{"id":4350,"href":"https:\/\/synottipclub.mk\/sq\/wp-json\/wp\/v2\/pages\/61\/revisions\/4350"}],"wp:attachment":[{"href":"https:\/\/synottipclub.mk\/sq\/wp-json\/wp\/v2\/media?parent=61"}],"curies":[{"name":"wp","href":"https:\/\/api.w.org\/{rel}","templated":true}]}}