{"id":67,"date":"2022-03-25T15:10:39","date_gmt":"2022-03-25T15:10:39","guid":{"rendered":"https:\/\/new.synottipclub.mk\/?page_id=67"},"modified":"2022-08-10T14:39:48","modified_gmt":"2022-08-10T12:39:48","slug":"responsible-gaming","status":"publish","type":"page","link":"https:\/\/synottipclub.mk\/sq\/responsible-gaming\/","title":{"rendered":"T\u00eb luaj\u00eb p\u00ebrgjegj\u00ebs"},"content":{"rendered":"<div data-elementor-type=\"wp-page\" data-elementor-id=\"67\" class=\"elementor elementor-67\" data-elementor-post-type=\"page\">\n\t\t\t\t\t\t<section class=\"elementor-section elementor-top-section elementor-element elementor-element-080206a elementor-section-boxed elementor-section-height-default elementor-section-height-default\" data-id=\"080206a\" data-element_type=\"section\" data-e-type=\"section\">\n\t\t\t\t\t\t\t<div class=\"elementor-background-overlay\"><\/div>\n\t\t\t\t\t\t\t<div class=\"elementor-container elementor-column-gap-default\">\n\t\t\t\t\t<div class=\"elementor-column elementor-col-100 elementor-top-column elementor-element elementor-element-6b80acb\" data-id=\"6b80acb\" data-element_type=\"column\" data-e-type=\"column\" data-settings=\"{&quot;background_background&quot;:&quot;classic&quot;}\">\n\t\t\t<div class=\"elementor-widget-wrap elementor-element-populated\">\n\t\t\t\t\t\t<div class=\"elementor-element elementor-element-44ca349 elementor-align-center elementor-widget elementor-widget-button\" data-id=\"44ca349\" data-element_type=\"widget\" data-e-type=\"widget\" data-widget_type=\"button.default\">\n\t\t\t\t<div class=\"elementor-widget-container\">\n\t\t\t\t\t\t\t\t\t<div class=\"elementor-button-wrapper\">\n\t\t\t\t\t<a class=\"elementor-button elementor-size-sm\" role=\"button\">\n\t\t\t\t\t\t<span class=\"elementor-button-content-wrapper\">\n\t\t\t\t\t\t\t\t\t<span class=\"elementor-button-text\">T\u00cb LUAJ\u00cb P\u00cbRGJEGJ\u00cbS<\/span>\n\t\t\t\t\t<\/span>\n\t\t\t\t\t<\/a>\n\t\t\t\t<\/div>\n\t\t\t\t\t\t\t\t<\/div>\n\t\t\t\t<\/div>\n\t\t\t\t<div class=\"elementor-element elementor-element-7c6370d elementor-widget elementor-widget-text-editor\" data-id=\"7c6370d\" data-element_type=\"widget\" data-e-type=\"widget\" data-widget_type=\"text-editor.default\">\n\t\t\t\t<div class=\"elementor-widget-container\">\n\t\t\t\t\t\t\t\t\t<p><strong>A luan me p\u00ebrgjegj\u00ebsi?<\/strong><\/p>\t\t\t\t\t\t\t\t<\/div>\n\t\t\t\t<\/div>\n\t\t\t\t<div class=\"elementor-element elementor-element-e867f5c elementor-widget elementor-widget-text-editor\" data-id=\"e867f5c\" data-element_type=\"widget\" data-e-type=\"widget\" data-widget_type=\"text-editor.default\">\n\t\t\t\t<div class=\"elementor-widget-container\">\n\t\t\t\t\t\t\t\t\t<p>N\u00eb k\u00ebt\u00eb rast duhet t\u00eb dini q\u00eb:<\/p><ul><li>Loj\u00ebrat jan\u00eb paligjshme dhe ndaluara p\u00ebr personat n\u00ebn 18 vje\u00e7.<\/li><li>Luajtja e loj\u00ebrave t\u00eb fatit duhet t\u00eb jet\u00eb nj\u00eb hobi dhe arg\u00ebtim, n\u00eb m\u00ebnyr\u00eb q\u00eb t\u00eb mos b\u00ebhen t\u00eb varur.<\/li><li>\u00cbsht\u00eb e r\u00ebnd\u00ebsishme q\u00eb duke luajtur dhe investuar n\u00eb loj\u00ebra \u00e7do lojtare , nuk rrezikon gjendjen e tij financiare.<\/li><\/ul>\t\t\t\t\t\t\t\t<\/div>\n\t\t\t\t<\/div>\n\t\t\t\t<div class=\"elementor-element elementor-element-eef5073 elementor-widget elementor-widget-text-editor\" data-id=\"eef5073\" data-element_type=\"widget\" data-e-type=\"widget\" data-widget_type=\"text-editor.default\">\n\t\t\t\t<div class=\"elementor-widget-container\">\n\t\t\t\t\t\t\t\t\t<p><strong>Masat paraprake<\/strong><\/p>\t\t\t\t\t\t\t\t<\/div>\n\t\t\t\t<\/div>\n\t\t\t\t<div class=\"elementor-element elementor-element-f8ebf99 elementor-widget elementor-widget-text-editor\" data-id=\"f8ebf99\" data-element_type=\"widget\" data-e-type=\"widget\" data-widget_type=\"text-editor.default\">\n\t\t\t\t<div class=\"elementor-widget-container\">\n\t\t\t\t\t\t\t\t\t<ul><li>Mos merrni rreziqe! Kufizoni koh\u00ebn dhe finance tuaja p\u00ebr t\u00eb luajtur.<\/li><li>NUK luani n\u00ebn ndikimin e alkoolit ose narkotik\u00ebve t\u00eb tjer\u00eb.<\/li><li>Mos prisni q\u00eb loj\u00ebrat e fatit t'ju sjellin shum\u00eb para ose leht\u00ebsim t\u00eb borxhit.<\/li><li>Mos huazoni finance p\u00ebr t\u00eb luajtur loj\u00ebra t\u00eb fatit.<\/li><li>Mos luani me parat\u00eb q\u00eb ju duhen p\u00ebr shpenzimet sht\u00ebpiake.<\/li><\/ul>\t\t\t\t\t\t\t\t<\/div>\n\t\t\t\t<\/div>\n\t\t\t\t<div class=\"elementor-element elementor-element-cf9cc31 elementor-widget elementor-widget-text-editor\" data-id=\"cf9cc31\" data-element_type=\"widget\" data-e-type=\"widget\" data-widget_type=\"text-editor.default\">\n\t\t\t\t<div class=\"elementor-widget-container\">\n\t\t\t\t\t\t\t\t\t<p><strong>Luaj me p\u00ebrgjegj\u00ebsi<\/strong><\/p>\t\t\t\t\t\t\t\t<\/div>\n\t\t\t\t<\/div>\n\t\t\t\t<div class=\"elementor-element elementor-element-358aae0 elementor-widget elementor-widget-text-editor\" data-id=\"358aae0\" data-element_type=\"widget\" data-e-type=\"widget\" data-widget_type=\"text-editor.default\">\n\t\t\t\t<div class=\"elementor-widget-container\">\n\t\t\t\t\t\t\t\t\t<p>Kumar \u00ebsht\u00eb nj\u00eb loj\u00eb ku lojtari investon vullnetarisht dhe ku kthimi i investimit nuk \u00ebsht\u00eb i garantuar. Fitimi ose humbja \u00ebsht\u00eb gjithashtu e rast\u00ebsishme.<\/p>\t\t\t\t\t\t\t\t<\/div>\n\t\t\t\t<\/div>\n\t\t\t\t\t<\/div>\n\t\t<\/div>\n\t\t\t\t\t<\/div>\n\t\t<\/section>\n\t\t\t\t<\/div>","protected":false},"excerpt":{"rendered":"<p>\u041e\u0414\u0413\u041e\u0412\u041e\u0420\u041d\u041e \u0418\u0413\u0420\u0410\u040a\u0415 \u0414\u0430\u043b\u0438 \u0438\u0433\u0440\u0430\u0442\u0435 \u043e\u0434\u0433\u043e\u0432\u043e\u0440\u043d\u043e? \u0412\u043e \u043e\u0432\u043e\u0458 \u0441\u043b\u0443\u0447\u0430\u0458 \u0442\u0440\u0435\u0431\u0430 \u0434\u0430 \u0437\u043d\u0430\u0435\u0442\u0435 \u0434\u0435\u043a\u0430: \u0418\u0433\u0440\u0438\u0442\u0435 \u043d\u0430 \u0441\u0440\u0435\u045c\u0430 \u0441\u0435 \u043d\u0435\u043b\u0435\u0433\u0430\u043b\u043d\u0438 \u0438 \u0437\u0430\u0431\u0440\u0430\u043d\u0435\u0442\u0438 \u043d\u0430 \u043b\u0438\u0446\u0430\u0442\u0430 \u043f\u043e\u0434 18 \u0433\u043e\u0434\u0438\u043d\u0438. \u0418\u0433\u0440\u0430\u045a\u0435\u0442\u043e \u0438\u0433\u0440\u0438 \u043d\u0430 \u0441\u0440\u0435\u045c\u0430 \u0442\u0440\u0435\u0431\u0430 \u0434\u0430 \u0431\u0438\u0434\u0435 \u0445\u043e\u0431\u0438 \u0438 \u0437\u0430\u0431\u0430\u0432\u0430, \u0437\u0430 \u0434\u0430 \u043d\u0435 \u043f\u0440\u0435\u0440\u0435\u0441\u043d\u0435 \u0432\u043e \u0437\u0430\u0432\u0438\u0441\u043d\u043e\u0441\u0442. \u0412\u0430\u0436\u043d\u043e \u0435 \u0438\u0433\u0440\u0430\u045a\u0435\u0442\u043e \u0438 \u0432\u043b\u043e\u0436\u0443\u0432\u0430\u045a\u0435\u0442\u043e \u0432\u043e \u0438\u0433\u0440\u0438 \u043d\u0435 \u0442\u0440\u0435\u0431\u0430 \u0434\u0430 \u0433\u043e \u0434\u043e\u0432\u0435\u0434\u0435 \u0438\u0433\u0440\u0430\u0447\u043e\u0442 \u0432\u043e \u0440\u0438\u0437\u0438\u043a [&hellip;]<\/p>\n","protected":false},"author":1,"featured_media":0,"parent":0,"menu_order":0,"comment_status":"closed","ping_status":"closed","template":"","meta":{"_acf_changed":false,"_monsterinsights_skip_tracking":false,"_monsterinsights_sitenote_active":false,"_monsterinsights_sitenote_note":"","_monsterinsights_sitenote_category":0,"footnotes":""},"class_list":["post-67","page","type-page","status-publish","hentry"],"acf":[],"_links":{"self":[{"href":"https:\/\/synottipclub.mk\/sq\/wp-json\/wp\/v2\/pages\/67","targetHints":{"allow":["GET"]}}],"collection":[{"href":"https:\/\/synottipclub.mk\/sq\/wp-json\/wp\/v2\/pages"}],"about":[{"href":"https:\/\/synottipclub.mk\/sq\/wp-json\/wp\/v2\/types\/page"}],"author":[{"embeddable":true,"href":"https:\/\/synottipclub.mk\/sq\/wp-json\/wp\/v2\/users\/1"}],"replies":[{"embeddable":true,"href":"https:\/\/synottipclub.mk\/sq\/wp-json\/wp\/v2\/comments?post=67"}],"version-history":[{"count":53,"href":"https:\/\/synottipclub.mk\/sq\/wp-json\/wp\/v2\/pages\/67\/revisions"}],"predecessor-version":[{"id":3045,"href":"https:\/\/synottipclub.mk\/sq\/wp-json\/wp\/v2\/pages\/67\/revisions\/3045"}],"wp:attachment":[{"href":"https:\/\/synottipclub.mk\/sq\/wp-json\/wp\/v2\/media?parent=67"}],"curies":[{"name":"wp","href":"https:\/\/api.w.org\/{rel}","templated":true}]}}